{"id":755,"date":"2019-05-03T10:11:23","date_gmt":"2019-05-03T10:11:23","guid":{"rendered":"https:\/\/kongresnasala.com\/?page_id=755"},"modified":"2022-04-12T21:08:37","modified_gmt":"2022-04-12T21:08:37","slug":"privacy-policy-2","status":"publish","type":"page","link":"https:\/\/kongresnasala.rs\/en\/privacy-policy-2\/","title":{"rendered":"Privacy Policy"},"content":{"rendered":"<div data-elementor-type=\"wp-post\" data-elementor-id=\"755\" class=\"elementor elementor-755\" data-elementor-post-type=\"page\">\n\t\t\t\t\t\t<section class=\"ob-is-breaking-bad elementor-section elementor-top-section elementor-element elementor-element-583eed5d elementor-section-boxed elementor-section-height-default elementor-section-height-default sc_fly_static\" data-id=\"583eed5d\" data-element_type=\"section\" data-settings=\"{&quot;_ob_bbad_use_it&quot;:&quot;yes&quot;,&quot;_ob_bbad_sssic_use&quot;:&quot;no&quot;,&quot;_ob_glider_is_slider&quot;:&quot;no&quot;}\">\n\t\t\t\t\t\t<div class=\"elementor-container elementor-column-gap-extended\">\n\t\t\t\t\t<div class=\"elementor-column elementor-col-100 elementor-top-column elementor-element elementor-element-64634578 sc_inner_width_none sc_content_align_inherit sc_layouts_column_icons_position_left sc_fly_static\" data-id=\"64634578\" data-element_type=\"column\" data-settings=\"{&quot;_ob_bbad_is_stalker&quot;:&quot;no&quot;,&quot;_ob_teleporter_use&quot;:false,&quot;_ob_column_hoveranimator&quot;:&quot;no&quot;,&quot;_ob_column_has_pseudo&quot;:&quot;no&quot;}\">\n\t\t\t<div class=\"elementor-widget-wrap elementor-element-populated\">\n\t\t\t\t\t\t<div class=\"elementor-element elementor-element-18fb524 sc_fly_static ob-has-background-overlay elementor-widget elementor-widget-spacer\" data-id=\"18fb524\" data-element_type=\"widget\" data-settings=\"{&quot;_ob_spacerat_use&quot;:&quot;no&quot;,&quot;_ob_perspektive_use&quot;:&quot;no&quot;,&quot;_ob_poopart_use&quot;:&quot;yes&quot;,&quot;_ob_shadough_use&quot;:&quot;no&quot;,&quot;_ob_allow_hoveranimator&quot;:&quot;no&quot;,&quot;_ob_widget_stalker_use&quot;:&quot;no&quot;}\" data-widget_type=\"spacer.default\">\n\t\t\t\t<div class=\"elementor-widget-container\">\n\t\t\t\t\t<div class=\"elementor-spacer\">\n\t\t\t<div class=\"elementor-spacer-inner\"><\/div>\n\t\t<\/div>\n\t\t\t\t<\/div>\n\t\t\t\t<\/div>\n\t\t\t\t\t<\/div>\n\t\t<\/div>\n\t\t\t\t\t<\/div>\n\t\t<\/section>\n\t\t\t\t<section class=\"ob-is-breaking-bad elementor-section elementor-top-section elementor-element elementor-element-3d78d7a4 elementor-section-boxed elementor-section-height-default elementor-section-height-default sc_fly_static\" data-id=\"3d78d7a4\" data-element_type=\"section\" data-settings=\"{&quot;background_background&quot;:&quot;classic&quot;,&quot;_ob_bbad_use_it&quot;:&quot;yes&quot;,&quot;_ob_bbad_sssic_use&quot;:&quot;no&quot;,&quot;_ob_glider_is_slider&quot;:&quot;no&quot;}\">\n\t\t\t\t\t\t<div class=\"elementor-container elementor-column-gap-extended\">\n\t\t\t\t\t<div class=\"elementor-column elementor-col-100 elementor-top-column elementor-element elementor-element-28199534 sc_inner_width_none sc_content_align_inherit sc_layouts_column_icons_position_left sc_fly_static\" data-id=\"28199534\" data-element_type=\"column\" data-settings=\"{&quot;_ob_bbad_is_stalker&quot;:&quot;no&quot;,&quot;_ob_teleporter_use&quot;:false,&quot;_ob_column_hoveranimator&quot;:&quot;no&quot;,&quot;_ob_column_has_pseudo&quot;:&quot;no&quot;}\">\n\t\t\t<div class=\"elementor-widget-wrap elementor-element-populated\">\n\t\t\t\t\t\t<div class=\"elementor-element elementor-element-49d82274 ob-harakiri-inherit sc_fly_static ob-has-background-overlay elementor-widget elementor-widget-text-editor\" data-id=\"49d82274\" data-element_type=\"widget\" data-settings=\"{&quot;_ob_use_harakiri&quot;:&quot;yes&quot;,&quot;_ob_harakiri_writing_mode&quot;:&quot;inherit&quot;,&quot;_ob_postman_use&quot;:&quot;no&quot;,&quot;_ob_perspektive_use&quot;:&quot;no&quot;,&quot;_ob_poopart_use&quot;:&quot;yes&quot;,&quot;_ob_shadough_use&quot;:&quot;no&quot;,&quot;_ob_allow_hoveranimator&quot;:&quot;no&quot;,&quot;_ob_widget_stalker_use&quot;:&quot;no&quot;}\" data-widget_type=\"text-editor.default\">\n\t\t\t\t<div class=\"elementor-widget-container\">\n\t\t\t\t\t\t\t<p>Dragi posetioci kongresnasala.rs veb-sajta,<\/p><p>na ovoj stranici mo\u017eete pro\u010ditati na\u0161u politiku privatnosti koja se odnosi na prikupljanje, kori\u0161\u0107enje i \u010duvanje va\u0161ih li\u010dnih podataka.<\/p><p>Va\u0161i li\u010dni podaci \u0107e biti obra\u0111ivani u skladu sa va\u017ee\u0107im Zakonom o za\u0161titi podataka o li\u010dnosti (\u201cSl. Glasnik RS\u201d br. 87\/2018). Uvid u prikupljene podatke imaju isklju\u010divo na\u0161a ovla\u0161\u0107ena zaposlena lica.<\/p><p>Na\u0161a politika privatnosti je sklona izmenama i bi\u0107e a\u017eurirana na ovoj stranici shodno zakonskim regulativama.<\/p><p>Obavezujemo se da \u0107emo \u010duvati va\u0161u privatnost i da \u0107emo se truditi da vam pru\u017eimo najbolje mogu\u0107e iskustvo kori\u0161\u0107enja kongresnasala.rs veb-sajta.<\/p><p>U nastavku, objasni\u0107emo na koje na\u010dine i u koju svrhu koristimo va\u0161e li\u010dne podatke. Davanjem svojih li\u010dnih podataka putem kontakt forme ili prijave za newsletter, smatra\u0107emo da ste saglasni sa na\u0161om Politikom privatnosti koja je ovde opisana.\u00a0<\/p><h2>Na\u010din i svrha kori\u0161\u0107enja li\u010dnih podataka<\/h2><p>Kongresnasala.com \u0107e zatra\u017eiti va\u0161e li\u010dne podatke isklju\u010divo u slede\u0107im situacijama:<\/p><ol><li aria-level=\"1\">odgovori na upite (kontakt forma \u0107e zatra\u017eiti va\u0161e ime i imejl adresu kako bismo mogli da vam odgovorimo na pitanje i ponudimo zatra\u017eene informacije);<\/li><li aria-level=\"1\">slanje newsletter-a (forma za prijavljivanje na na\u0161 newsletter \u0107e zatra\u017eiti va\u0161e ime i imejl adresu kako bismo mogli da vas povremeno obave\u0161tavamo o novostima o na\u0161em poslovanju);<\/li><li aria-level=\"1\">radi pripremanja va\u0161e narud\u017ebine koju se poslali putem na\u0161eg sajta.<\/li><\/ol><p>Ukoliko posetite kongresnasala.rs veb-sajt, na\u0161 veb provajder \u0107e zabele\u017eiti slede\u0107e podatke:<\/p><ul><li aria-level=\"1\">IP adresu va\u0161eg ure\u0111aja sa kog ste pristupili na\u0161em sajtu;<\/li><li aria-level=\"1\">Vrstu pretra\u017eiva\u010da koju ste koristili;<\/li><li aria-level=\"1\">Ime domena;<\/li><li aria-level=\"1\">Datum i vreme va\u0161e posete, kao i du\u017einu posete;<\/li><li aria-level=\"1\">Adresu veb stranice koja vas je poslala na na\u0161 veb-sajt;<\/li><li aria-level=\"1\">Stranice koje ste posetili na na\u0161em veb-sajtu.<\/li><\/ul><p>Ove podatke koristimo isklju\u010divo za statisti\u010dke analize o kori\u0161\u0107enju na\u0161eg veb-sajta od strane na\u0161ih posetilaca kako bismo pobolj\u0161ali na\u0161u onlajn prezentaciju.<\/p><p>\u00a0<\/p><h2>Za\u0161tita li\u010dnih podataka<\/h2><p>Va\u0161i li\u010dni podaci su za\u0161ti\u0107eni od gubitka, neautorizovanih promena, nedozvoljenog pristupa i bilo koje vrste zloupotrebe.<\/p><p>Na snazi su bezbednosne procedure koje spre\u010davaju neovla\u0161\u0107eni pristup va\u0161im li\u010dnim podacima.<\/p><p>Maloletna lica mla\u0111a od 15 godina ne smeju da koriste na\u0161 veb-sajt. kongresnasala.rs ne prikuplja, niti zadr\u017eava li\u010dne podatke od lica mla\u0111eg od 15 godina. Ako roditelj, ro\u0111ak ili zakonski zastupnik maloletnog lica mla\u0111eg od 15 godina otkrije da je poslalo li\u010dne podatke bez njihove saglasnosti, obratite nam se putem e-mail-a, kako bismo te podatke izbrisali iz na\u0161eg sistema.<\/p><h2>Politika kola\u010di\u0107a (cookies)<\/h2><p>\u00a0<\/p><p>Kola\u010di\u0107i (eng. cookies) su datoteke koje \u0107e biti postavljene na va\u0161 ure\u0111aj kada posetite na\u0161 veb-sajt. Njihova svrha je da pospe\u0161e funkcionisanje veb-sajta na va\u0161em ure\u0111aju, kao i radi analize kori\u0161\u0107enja na\u0161eg sajta i kako bismo personalizovali sadr\u017eaj i oglase, u cilju pru\u017eanja specifi\u010dnih tehni\u010dkih karakteristika i celokupnog pozitivnog korisni\u010dkog iskustva.<\/p><p>Usled promena zakona, svi veb-sajtovi kao i na\u0161 moraju da dobiju va\u0161 pristanak za postavljanje kola\u010di\u0107a. Ukoliko se sla\u017eete sa na\u0161om politikom privatnosti, samim tim se sla\u017eete i sa na\u0161om politikom kola\u010di\u0107a.<\/p><p>Prilikom va\u0161e posete, veb-sajt \u0107e zatra\u017eiti va\u0161u saglasnost za kori\u0161\u0107enje kola\u010di\u0107a putem prozora u dnu stranice. U svakom trenutku mo\u017eete da isklju\u010dite kola\u010di\u0107e koji nisu nu\u017eni te se oni ne\u0107e \u010duvati na va\u0161im ure\u0111ajima.\u00a0<\/p><p>Postavke kola\u010di\u0107a se mogu kontrolisati i konfigurisati u va\u0161em internet pretra\u017eiva\u010du. Za informacije o postavkama kola\u010di\u0107a potrebno je odabrati opciju \u201cpomo\u0107\u201d na internet pretra\u017eiva\u010dima.<\/p><p>Ako onemogu\u0107ite postavljanje kola\u010di\u0107a, mo\u017eda ne\u0107ete mo\u0107i da koristite odre\u0111ene funkcionalnosti na kongresnasala.rs veb-sajtu. kongresnasala.rs veb-sajt mo\u017ee a\u017eurirati Politiku kola\u010di\u0107a u bilo kojem trenutku.<\/p><p>Vi\u0161e se mo\u017eete informisati na slede\u0107im linkovima:<\/p><p><a href=\"http:\/\/www.allaboutcookies.org\/\">http:\/\/www.allaboutcookies.org\/<\/a>\u00a0<\/p><p><a href=\"http:\/\/www.youronlinechoices.eu\/\">http:\/\/www.youronlinechoices.eu\/<\/a>\u00a0<\/p>\t\t\t\t\t\t<\/div>\n\t\t\t\t<\/div>\n\t\t\t\t\t<\/div>\n\t\t<\/div>\n\t\t\t\t\t<\/div>\n\t\t<\/section>\n\t\t\t\t<section class=\"ob-is-breaking-bad elementor-section elementor-top-section elementor-element elementor-element-53ec0dee elementor-section-boxed elementor-section-height-default elementor-section-height-default sc_fly_static\" data-id=\"53ec0dee\" data-element_type=\"section\" data-settings=\"{&quot;_ob_bbad_use_it&quot;:&quot;yes&quot;,&quot;_ob_bbad_sssic_use&quot;:&quot;no&quot;,&quot;_ob_glider_is_slider&quot;:&quot;no&quot;}\">\n\t\t\t\t\t\t<div class=\"elementor-container elementor-column-gap-extended\">\n\t\t\t\t\t<div class=\"elementor-column elementor-col-100 elementor-top-column elementor-element elementor-element-181cd264 sc_inner_width_none sc_content_align_inherit sc_layouts_column_icons_position_left sc_fly_static\" data-id=\"181cd264\" data-element_type=\"column\" data-settings=\"{&quot;_ob_bbad_is_stalker&quot;:&quot;no&quot;,&quot;_ob_teleporter_use&quot;:false,&quot;_ob_column_hoveranimator&quot;:&quot;no&quot;,&quot;_ob_column_has_pseudo&quot;:&quot;no&quot;}\">\n\t\t\t<div class=\"elementor-widget-wrap elementor-element-populated\">\n\t\t\t\t\t\t<div class=\"elementor-element elementor-element-327fed07 sc_fly_static ob-has-background-overlay elementor-widget elementor-widget-spacer\" data-id=\"327fed07\" data-element_type=\"widget\" data-settings=\"{&quot;_ob_spacerat_use&quot;:&quot;no&quot;,&quot;_ob_perspektive_use&quot;:&quot;no&quot;,&quot;_ob_poopart_use&quot;:&quot;yes&quot;,&quot;_ob_shadough_use&quot;:&quot;no&quot;,&quot;_ob_allow_hoveranimator&quot;:&quot;no&quot;,&quot;_ob_widget_stalker_use&quot;:&quot;no&quot;}\" data-widget_type=\"spacer.default\">\n\t\t\t\t<div class=\"elementor-widget-container\">\n\t\t\t\t\t<div class=\"elementor-spacer\">\n\t\t\t<div class=\"elementor-spacer-inner\"><\/div>\n\t\t<\/div>\n\t\t\t\t<\/div>\n\t\t\t\t<\/div>\n\t\t\t\t\t<\/div>\n\t\t<\/div>\n\t\t\t\t\t<\/div>\n\t\t<\/section>\n\t\t\t\t<\/div>","protected":false},"excerpt":{"rendered":"<p>Dragi posetioci kongresnasala.rs veb-sajta, na ovoj stranici mo\u017eete pro\u010ditati na\u0161u politiku privatnosti koja se odnosi na prikupljanje, kori\u0161\u0107enje i \u010duvanje va\u0161ih li\u010dnih podataka. Va\u0161i li\u010dni podaci \u0107e biti obra\u0111ivani u skladu sa va\u017ee\u0107im Zakonom o za\u0161titi podataka o li\u010dnosti (\u201cSl. Glasnik RS\u201d br. 87\/2018). Uvid u prikupljene podatke imaju isklju\u010divo na\u0161a ovla\u0161\u0107ena zaposlena lica. Na\u0161a&hellip;<\/p>","protected":false},"author":1,"featured_media":0,"parent":0,"menu_order":0,"comment_status":"closed","ping_status":"closed","template":"","meta":{"footnotes":""},"class_list":["post-755","page","type-page","status-publish","hentry"],"yoast_head":"<!-- This site is optimized with the Yoast SEO plugin v23.7 - https:\/\/yoast.com\/wordpress\/plugins\/seo\/ -->\n<title>Kongresna sala - Privacy Policy<\/title>\n<meta name=\"robots\" content=\"index, follow, max-snippet:-1, max-image-preview:large, max-video-preview:-1\" \/>\n<link rel=\"canonical\" href=\"https:\/\/kongresnasala.rs\/en\/privacy-policy-2\/\" \/>\n<meta property=\"og:locale\" content=\"en_US\" \/>\n<meta property=\"og:type\" content=\"article\" \/>\n<meta property=\"og:title\" content=\"Kongresna sala - Privacy Policy\" \/>\n<meta property=\"og:description\" content=\"Dragi posetioci kongresnasala.rs veb-sajta, na ovoj stranici mo\u017eete pro\u010ditati na\u0161u politiku privatnosti koja se odnosi na prikupljanje, kori\u0161\u0107enje i \u010duvanje va\u0161ih li\u010dnih podataka. Va\u0161i li\u010dni podaci \u0107e biti obra\u0111ivani u skladu sa va\u017ee\u0107im Zakonom o za\u0161titi podataka o li\u010dnosti (\u201cSl. Glasnik RS\u201d br. 87\/2018). Uvid u prikupljene podatke imaju isklju\u010divo na\u0161a ovla\u0161\u0107ena zaposlena lica. Na\u0161a&hellip;\" \/>\n<meta property=\"og:url\" content=\"https:\/\/kongresnasala.rs\/en\/privacy-policy-2\/\" \/>\n<meta property=\"og:site_name\" content=\"Kongresna sala\" \/>\n<meta property=\"article:modified_time\" content=\"2022-04-12T21:08:37+00:00\" \/>\n<meta name=\"twitter:card\" content=\"summary_large_image\" \/>\n<meta name=\"twitter:label1\" content=\"Est. reading time\" \/>\n\t<meta name=\"twitter:data1\" content=\"3 minutes\" \/>\n<script type=\"application\/ld+json\" class=\"yoast-schema-graph\">{\"@context\":\"https:\/\/schema.org\",\"@graph\":[{\"@type\":\"WebPage\",\"@id\":\"https:\/\/kongresnasala.rs\/privacy-policy-2\/\",\"url\":\"https:\/\/kongresnasala.rs\/privacy-policy-2\/\",\"name\":\"Kongresna sala - Privacy Policy\",\"isPartOf\":{\"@id\":\"https:\/\/kongresnasala.rs\/#website\"},\"datePublished\":\"2019-05-03T10:11:23+00:00\",\"dateModified\":\"2022-04-12T21:08:37+00:00\",\"breadcrumb\":{\"@id\":\"https:\/\/kongresnasala.rs\/privacy-policy-2\/#breadcrumb\"},\"inLanguage\":\"en-US\",\"potentialAction\":[{\"@type\":\"ReadAction\",\"target\":[\"https:\/\/kongresnasala.rs\/privacy-policy-2\/\"]}]},{\"@type\":\"BreadcrumbList\",\"@id\":\"https:\/\/kongresnasala.rs\/privacy-policy-2\/#breadcrumb\",\"itemListElement\":[{\"@type\":\"ListItem\",\"position\":1,\"name\":\"Home\",\"item\":\"https:\/\/kongresnasala.rs\/\"},{\"@type\":\"ListItem\",\"position\":2,\"name\":\"Privacy Policy\"}]},{\"@type\":\"WebSite\",\"@id\":\"https:\/\/kongresnasala.rs\/#website\",\"url\":\"https:\/\/kongresnasala.rs\/\",\"name\":\"Kongresna sala\",\"description\":\"Joy5 Hotel\",\"publisher\":{\"@id\":\"https:\/\/kongresnasala.rs\/#organization\"},\"potentialAction\":[{\"@type\":\"SearchAction\",\"target\":{\"@type\":\"EntryPoint\",\"urlTemplate\":\"https:\/\/kongresnasala.rs\/?s={search_term_string}\"},\"query-input\":{\"@type\":\"PropertyValueSpecification\",\"valueRequired\":true,\"valueName\":\"search_term_string\"}}],\"inLanguage\":\"en-US\"},{\"@type\":\"Organization\",\"@id\":\"https:\/\/kongresnasala.rs\/#organization\",\"name\":\"Kongresna sala\",\"url\":\"https:\/\/kongresnasala.rs\/\",\"logo\":{\"@type\":\"ImageObject\",\"inLanguage\":\"en-US\",\"@id\":\"https:\/\/kongresnasala.rs\/#\/schema\/logo\/image\/\",\"url\":\"https:\/\/kongresnasala.rs\/wp-content\/uploads\/2019\/08\/Logo-horizontal.svg\",\"contentUrl\":\"https:\/\/kongresnasala.rs\/wp-content\/uploads\/2019\/08\/Logo-horizontal.svg\",\"width\":519,\"height\":139,\"caption\":\"Kongresna sala\"},\"image\":{\"@id\":\"https:\/\/kongresnasala.rs\/#\/schema\/logo\/image\/\"}}]}<\/script>\n<!-- \/ Yoast SEO plugin. -->","yoast_head_json":{"title":"Kongresna sala - Privacy Policy","robots":{"index":"index","follow":"follow","max-snippet":"max-snippet:-1","max-image-preview":"max-image-preview:large","max-video-preview":"max-video-preview:-1"},"canonical":"https:\/\/kongresnasala.rs\/en\/privacy-policy-2\/","og_locale":"en_US","og_type":"article","og_title":"Kongresna sala - Privacy Policy","og_description":"Dragi posetioci kongresnasala.rs veb-sajta, na ovoj stranici mo\u017eete pro\u010ditati na\u0161u politiku privatnosti koja se odnosi na prikupljanje, kori\u0161\u0107enje i \u010duvanje va\u0161ih li\u010dnih podataka. Va\u0161i li\u010dni podaci \u0107e biti obra\u0111ivani u skladu sa va\u017ee\u0107im Zakonom o za\u0161titi podataka o li\u010dnosti (\u201cSl. Glasnik RS\u201d br. 87\/2018). Uvid u prikupljene podatke imaju isklju\u010divo na\u0161a ovla\u0161\u0107ena zaposlena lica. Na\u0161a&hellip;","og_url":"https:\/\/kongresnasala.rs\/en\/privacy-policy-2\/","og_site_name":"Kongresna sala","article_modified_time":"2022-04-12T21:08:37+00:00","twitter_card":"summary_large_image","twitter_misc":{"Est. reading time":"3 minutes"},"schema":{"@context":"https:\/\/schema.org","@graph":[{"@type":"WebPage","@id":"https:\/\/kongresnasala.rs\/privacy-policy-2\/","url":"https:\/\/kongresnasala.rs\/privacy-policy-2\/","name":"Kongresna sala - Privacy Policy","isPartOf":{"@id":"https:\/\/kongresnasala.rs\/#website"},"datePublished":"2019-05-03T10:11:23+00:00","dateModified":"2022-04-12T21:08:37+00:00","breadcrumb":{"@id":"https:\/\/kongresnasala.rs\/privacy-policy-2\/#breadcrumb"},"inLanguage":"en-US","potentialAction":[{"@type":"ReadAction","target":["https:\/\/kongresnasala.rs\/privacy-policy-2\/"]}]},{"@type":"BreadcrumbList","@id":"https:\/\/kongresnasala.rs\/privacy-policy-2\/#breadcrumb","itemListElement":[{"@type":"ListItem","position":1,"name":"Home","item":"https:\/\/kongresnasala.rs\/"},{"@type":"ListItem","position":2,"name":"Privacy Policy"}]},{"@type":"WebSite","@id":"https:\/\/kongresnasala.rs\/#website","url":"https:\/\/kongresnasala.rs\/","name":"Kongresna sala","description":"Joy5 Hotel","publisher":{"@id":"https:\/\/kongresnasala.rs\/#organization"},"potentialAction":[{"@type":"SearchAction","target":{"@type":"EntryPoint","urlTemplate":"https:\/\/kongresnasala.rs\/?s={search_term_string}"},"query-input":{"@type":"PropertyValueSpecification","valueRequired":true,"valueName":"search_term_string"}}],"inLanguage":"en-US"},{"@type":"Organization","@id":"https:\/\/kongresnasala.rs\/#organization","name":"Kongresna sala","url":"https:\/\/kongresnasala.rs\/","logo":{"@type":"ImageObject","inLanguage":"en-US","@id":"https:\/\/kongresnasala.rs\/#\/schema\/logo\/image\/","url":"https:\/\/kongresnasala.rs\/wp-content\/uploads\/2019\/08\/Logo-horizontal.svg","contentUrl":"https:\/\/kongresnasala.rs\/wp-content\/uploads\/2019\/08\/Logo-horizontal.svg","width":519,"height":139,"caption":"Kongresna sala"},"image":{"@id":"https:\/\/kongresnasala.rs\/#\/schema\/logo\/image\/"}}]}},"_links":{"self":[{"href":"https:\/\/kongresnasala.rs\/en\/wp-json\/wp\/v2\/pages\/755"}],"collection":[{"href":"https:\/\/kongresnasala.rs\/en\/wp-json\/wp\/v2\/pages"}],"about":[{"href":"https:\/\/kongresnasala.rs\/en\/wp-json\/wp\/v2\/types\/page"}],"author":[{"embeddable":true,"href":"https:\/\/kongresnasala.rs\/en\/wp-json\/wp\/v2\/users\/1"}],"replies":[{"embeddable":true,"href":"https:\/\/kongresnasala.rs\/en\/wp-json\/wp\/v2\/comments?post=755"}],"version-history":[{"count":0,"href":"https:\/\/kongresnasala.rs\/en\/wp-json\/wp\/v2\/pages\/755\/revisions"}],"wp:attachment":[{"href":"https:\/\/kongresnasala.rs\/en\/wp-json\/wp\/v2\/media?parent=755"}],"curies":[{"name":"wp","href":"https:\/\/api.w.org\/{rel}","templated":true}]}}